{"id":8822,"date":"2025-05-12T13:53:28","date_gmt":"2025-05-12T17:53:28","guid":{"rendered":"https:\/\/lrifire.com\/webinars\/"},"modified":"2025-05-12T14:37:48","modified_gmt":"2025-05-12T18:37:48","slug":"webinaires","status":"publish","type":"page","link":"https:\/\/lrifire.com\/fr\/webinaires\/","title":{"rendered":"Webinaires"},"content":{"rendered":"\t\t<div data-elementor-type=\"wp-page\" data-elementor-id=\"8822\" class=\"elementor elementor-8822 elementor-8802\" data-elementor-post-type=\"page\">\n\t\t\t\t\t\t<section class=\"elementor-section elementor-top-section elementor-element elementor-element-9c4978b elementor-section-boxed elementor-section-height-default elementor-section-height-default\" data-id=\"9c4978b\" data-element_type=\"section\" data-e-type=\"section\" data-settings=\"{&quot;background_background&quot;:&quot;classic&quot;,&quot;shape_divider_bottom_negative&quot;:&quot;yes&quot;,&quot;shape_divider_bottom&quot;:&quot;curve&quot;}\">\n\t\t\t\t\t\t\t<div class=\"elementor-background-overlay\"><\/div>\n\t\t\t\t\t\t<div class=\"elementor-shape elementor-shape-bottom\" aria-hidden=\"true\" data-negative=\"true\">\n\t\t\t<svg xmlns=\"http:\/\/www.w3.org\/2000\/svg\" viewBox=\"0 0 1000 100\" preserveAspectRatio=\"none\">\n\t<path class=\"elementor-shape-fill\" d=\"M500,97C126.7,96.3,0.8,19.8,0,0v100l1000,0V1C1000,19.4,873.3,97.8,500,97z\"\/>\n<\/svg>\t\t<\/div>\n\t\t\t\t\t<div class=\"elementor-container elementor-column-gap-no\">\n\t\t\t\t\t<div class=\"elementor-column elementor-col-100 elementor-top-column elementor-element elementor-element-faed964\" data-id=\"faed964\" data-element_type=\"column\" data-e-type=\"column\" data-settings=\"{&quot;background_background&quot;:&quot;classic&quot;}\">\n\t\t\t<div class=\"elementor-widget-wrap elementor-element-populated\">\n\t\t\t\t\t\t<div class=\"elementor-element elementor-element-1a8cf4f elementor-widget elementor-widget-heading\" data-id=\"1a8cf4f\" data-element_type=\"widget\" data-e-type=\"widget\" data-widget_type=\"heading.default\">\n\t\t\t\t<div class=\"elementor-widget-container\">\n\t\t\t\t\t<h1 class=\"elementor-heading-title elementor-size-default\">Webinaires<\/h1>\t\t\t\t<\/div>\n\t\t\t\t<\/div>\n\t\t\t\t<div class=\"elementor-element elementor-element-254ba52 elementor-widget elementor-widget-text-editor\" data-id=\"254ba52\" data-element_type=\"widget\" data-e-type=\"widget\" data-widget_type=\"text-editor.default\">\n\t\t\t\t<div class=\"elementor-widget-container\">\n\t\t\t\t\t\t\t\t\tNos webinaires offrent une occasion privil\u00e9gi\u00e9e de rester inform\u00e9 des d\u00e9veloppements r\u00e9cents en mati\u00e8re de protection incendie et de codes du b\u00e2timent. Anim\u00e9s par nos sp\u00e9cialistes, ils proposent des contenus clairs et pertinents, ax\u00e9s sur les mises \u00e0 jour r\u00e9glementaires, les meilleures pratiques et les enjeux actuels du milieu.\t\t\t\t\t\t\t\t<\/div>\n\t\t\t\t<\/div>\n\t\t\t\t\t<\/div>\n\t\t<\/div>\n\t\t\t\t\t<\/div>\n\t\t<\/section>\n\t\t\t\t<section class=\"elementor-section elementor-top-section elementor-element elementor-element-bcbd353 elementor-section-boxed elementor-section-height-default elementor-section-height-default\" data-id=\"bcbd353\" data-element_type=\"section\" data-e-type=\"section\" id=\"views-anchor\">\n\t\t\t\t\t\t<div class=\"elementor-container elementor-column-gap-no\">\n\t\t\t\t\t<div class=\"elementor-column elementor-col-100 elementor-top-column elementor-element elementor-element-50dc2d6\" data-id=\"50dc2d6\" data-element_type=\"column\" data-e-type=\"column\">\n\t\t\t<div class=\"elementor-widget-wrap elementor-element-populated\">\n\t\t\t\t\t\t<div class=\"elementor-element elementor-element-b14e12b elementor-widget elementor-widget-toolset-view\" data-id=\"b14e12b\" data-element_type=\"widget\" data-e-type=\"widget\" data-widget_type=\"toolset-view.default\">\n\t\t\t\t<div class=\"elementor-widget-container\">\n\t\t\t\t\t<form autocomplete=\"off\" name=\"wpv-filter-8819\" action=\"\/fr\/wp-json\/wp\/v2\/pages\/8822?wpv_view_count=8819\" method=\"get\" class=\"wpv-filter-form js-wpv-filter-form js-wpv-filter-form-8819 js-wpv-form-full js-wpv-dps-enabled js-wpv-ajax-results-enabled\" data-viewnumber=\"8819\" data-viewid=\"8819\" data-viewhash=\"eyJpZCI6ODgxOSwib3JkZXIiOiJkZWZhdWx0Iiwib3JkZXJieV9zZWNvbmQiOiJkZWZhdWx0Iiwib3JkZXJfc2Vjb25kIjoiZGVmYXVsdCJ9\" data-viewwidgetid=\"0\" data-orderby=\"\" data-order=\"\" data-orderbyas=\"\" data-orderbysecond=\"\" data-ordersecond=\"\" data-parametric=\"{&quot;query&quot;:&quot;normal&quot;,&quot;id&quot;:8819,&quot;view_id&quot;:8819,&quot;widget_id&quot;:0,&quot;view_hash&quot;:&quot;8819&quot;,&quot;action&quot;:&quot;\\\/fr\\\/wp-json\\\/wp\\\/v2\\\/pages\\\/8822?wpv_view_count=8819&quot;,&quot;sort&quot;:{&quot;orderby&quot;:&quot;&quot;,&quot;order&quot;:&quot;&quot;,&quot;orderby_as&quot;:&quot;&quot;,&quot;orderby_second&quot;:&quot;&quot;,&quot;order_second&quot;:&quot;&quot;},&quot;orderby&quot;:&quot;&quot;,&quot;order&quot;:&quot;&quot;,&quot;orderby_as&quot;:&quot;&quot;,&quot;orderby_second&quot;:&quot;&quot;,&quot;order_second&quot;:&quot;&quot;,&quot;ajax_form&quot;:&quot;&quot;,&quot;ajax_results&quot;:&quot;&quot;,&quot;effect&quot;:&quot;fade&quot;,&quot;prebefore&quot;:&quot;&quot;,&quot;before&quot;:&quot;&quot;,&quot;after&quot;:&quot;&quot;,&quot;attributes&quot;:{&quot;id&quot;:8819,&quot;order&quot;:&quot;default&quot;,&quot;orderby_second&quot;:&quot;default&quot;,&quot;order_second&quot;:&quot;default&quot;},&quot;environment&quot;:{&quot;current_post_id&quot;:8822,&quot;parent_post_id&quot;:8822,&quot;parent_term_id&quot;:0,&quot;parent_user_id&quot;:0,&quot;archive&quot;:{&quot;type&quot;:&quot;&quot;,&quot;name&quot;:&quot;&quot;,&quot;data&quot;:[]}},&quot;loop&quot;:{&quot;type&quot;:&quot;&quot;,&quot;name&quot;:&quot;&quot;,&quot;data&quot;:[],&quot;id&quot;:0}}\" data-attributes=\"{&quot;id&quot;:8819,&quot;order&quot;:&quot;default&quot;,&quot;orderby_second&quot;:&quot;default&quot;,&quot;order_second&quot;:&quot;default&quot;}\" data-environment=\"{&quot;current_post_id&quot;:8822,&quot;parent_post_id&quot;:8822,&quot;parent_term_id&quot;:0,&quot;parent_user_id&quot;:0,&quot;archive&quot;:{&quot;type&quot;:&quot;&quot;,&quot;name&quot;:&quot;&quot;,&quot;data&quot;:[]}}\"><input type=\"hidden\" class=\"js-wpv-dps-filter-data js-wpv-filter-data-for-this-form\" data-action=\"\/fr\/wp-json\/wp\/v2\/pages\/8822?wpv_view_count=8819\" data-page=\"1\" data-ajax=\"enable\" data-effect=\"fade\" data-maxpages=\"0\" data-ajaxprebefore=\"\" data-ajaxbefore=\"\" data-ajaxafter=\"\" \/><input class=\"wpv_view_count wpv_view_count-8819\" type=\"hidden\" name=\"wpv_view_count\" value=\"8819\" \/>\n\n<div class=\"form-group two-filters\">\n    \t<span style=\"display:none\" class=\"js-wpv-dps-spinner fullscreen-spinner\"><img decoding=\"async\" src=\"\/wp-content\/plugins\/wp-views\/embedded\/res\/img\/ajax-loader2.svg\" \/><\/span>\n    <select name=\"category\" class=\"chosen-ajax-trigger js-wpv-filter-trigger form-control\"><option selected='selected' value=\"0\">Cat\u00e9gorie<\/option><\/select>\n<\/div>\n\n<\/form>\n<div id=\"wpv-view-layout-8819\" class=\"js-wpv-view-layout js-wpv-layout-responsive js-wpv-view-layout-8819 wpv-pagination js-wpv-layout-has-pagination wpv-pagination-preload-images js-wpv-layout-preload-images wpv-pagination-preload-pages js-wpv-layout-preload-pages\" style=\"visibility:hidden;\" data-viewnumber=\"8819\" data-pagination=\"{&quot;id&quot;:8819,&quot;query&quot;:&quot;normal&quot;,&quot;type&quot;:&quot;ajaxed&quot;,&quot;effect&quot;:&quot;fade&quot;,&quot;duration&quot;:500,&quot;speed&quot;:5,&quot;pause_on_hover&quot;:&quot;disabled&quot;,&quot;stop_rollover&quot;:&quot;false&quot;,&quot;cache_pages&quot;:&quot;enabled&quot;,&quot;preload_images&quot;:&quot;enabled&quot;,&quot;preload_pages&quot;:&quot;enabled&quot;,&quot;preload_reach&quot;:1,&quot;spinner&quot;:&quot;builtin&quot;,&quot;spinner_image&quot;:&quot;https:\/\/lrifire.com\/wp-content\/plugins\/wp-views\/embedded\/res\/img\/ajax-loader2.svg&quot;,&quot;callback_next&quot;:&quot;&quot;,&quot;manage_history&quot;:&quot;enabled&quot;,&quot;has_controls_in_form&quot;:&quot;disabled&quot;,&quot;infinite_tolerance&quot;:0,&quot;max_pages&quot;:0,&quot;page&quot;:1,&quot;base_permalink&quot;:&quot;\/fr\/wp-json\/wp\/v2\/pages\/8822?wpv_view_count=8819&amp;wpv_paged=WPV_PAGE_NUM&quot;,&quot;loop&quot;:{&quot;type&quot;:&quot;&quot;,&quot;name&quot;:&quot;&quot;,&quot;data&quot;:[],&quot;id&quot;:0}}\" data-permalink=\"\/fr\/wp-json\/wp\/v2\/pages\/8822?wpv_view_count=8819\">\n\n\t\n\t\n\t\t<strong>Aucun r\u00e9sultat<\/strong>\n\t\n<\/div>\t\t\t\t<\/div>\n\t\t\t\t<\/div>\n\t\t\t\t\t<\/div>\n\t\t<\/div>\n\t\t\t\t\t<\/div>\n\t\t<\/section>\n\t\t\t\t<section class=\"elementor-section elementor-top-section elementor-element elementor-element-8827594 elementor-section-full_width elementor-section-height-default elementor-section-height-default\" data-id=\"8827594\" data-element_type=\"section\" data-e-type=\"section\">\n\t\t\t\t\t\t<div class=\"elementor-container elementor-column-gap-no\">\n\t\t\t\t\t<div class=\"elementor-column elementor-col-100 elementor-top-column elementor-element elementor-element-b72c08d\" data-id=\"b72c08d\" data-element_type=\"column\" data-e-type=\"column\">\n\t\t\t<div class=\"elementor-widget-wrap elementor-element-populated\">\n\t\t\t\t\t\t<div class=\"elementor-element elementor-element-62af16b elementor-widget elementor-widget-template\" data-id=\"62af16b\" data-element_type=\"widget\" data-e-type=\"widget\" data-widget_type=\"template.default\">\n\t\t\t\t<div class=\"elementor-widget-container\">\n\t\t\t\t\t\t\t<div class=\"elementor-template\">\n\t\t\t\t\t<div data-elementor-type=\"section\" data-elementor-id=\"7761\" class=\"elementor elementor-7761 elementor-7124 elementor-7124\" data-elementor-post-type=\"elementor_library\">\n\t\t\t\t\t<section class=\"elementor-section elementor-top-section elementor-element elementor-element-83cbe02 elementor-section-boxed elementor-section-height-default elementor-section-height-default\" data-id=\"83cbe02\" data-element_type=\"section\" data-e-type=\"section\" data-settings=\"{&quot;background_background&quot;:&quot;classic&quot;,&quot;shape_divider_bottom&quot;:&quot;curve&quot;,&quot;shape_divider_bottom_negative&quot;:&quot;yes&quot;,&quot;shape_divider_top&quot;:&quot;curve&quot;}\">\n\t\t\t\t\t<div class=\"elementor-shape elementor-shape-top\" aria-hidden=\"true\" data-negative=\"false\">\n\t\t\t<svg xmlns=\"http:\/\/www.w3.org\/2000\/svg\" viewBox=\"0 0 1000 100\" preserveAspectRatio=\"none\">\n    <path class=\"elementor-shape-fill\" d=\"M1000,4.3V0H0v4.3C0.9,23.1,126.7,99.2,500,100S1000,22.7,1000,4.3z\"\/>\n<\/svg>\t\t<\/div>\n\t\t\t\t<div class=\"elementor-shape elementor-shape-bottom\" aria-hidden=\"true\" data-negative=\"true\">\n\t\t\t<svg xmlns=\"http:\/\/www.w3.org\/2000\/svg\" viewBox=\"0 0 1000 100\" preserveAspectRatio=\"none\">\n\t<path class=\"elementor-shape-fill\" d=\"M500,97C126.7,96.3,0.8,19.8,0,0v100l1000,0V1C1000,19.4,873.3,97.8,500,97z\"\/>\n<\/svg>\t\t<\/div>\n\t\t\t\t\t<div class=\"elementor-container elementor-column-gap-no\">\n\t\t\t\t\t<div class=\"elementor-column elementor-col-50 elementor-top-column elementor-element elementor-element-adef07a\" data-id=\"adef07a\" data-element_type=\"column\" data-e-type=\"column\">\n\t\t\t<div class=\"elementor-widget-wrap elementor-element-populated\">\n\t\t\t\t\t\t<div class=\"elementor-element elementor-element-6c4c5a8 elementor-widget elementor-widget-heading\" data-id=\"6c4c5a8\" data-element_type=\"widget\" data-e-type=\"widget\" data-widget_type=\"heading.default\">\n\t\t\t\t<div class=\"elementor-widget-container\">\n\t\t\t\t\t<h2 class=\"elementor-heading-title elementor-size-default\">Pr\u00eat \u00e0 faire \u00e9quipe avec nous?<\/h2>\t\t\t\t<\/div>\n\t\t\t\t<\/div>\n\t\t\t\t<div class=\"elementor-element elementor-element-c97a6e1 elementor-widget__width-auto elementor-widget elementor-widget-ucaddon_gradient_button\" data-id=\"c97a6e1\" data-element_type=\"widget\" data-e-type=\"widget\" data-widget_type=\"ucaddon_gradient_button.default\">\n\t\t\t\t<div class=\"elementor-widget-container\">\n\t\t\t\t\t\n<!-- start Gradient Button -->\n<style>\/* widget: Gradient Button *\/\n\n#uc_gradient_button_elementor_c97a6e1 a {\n  display:inline-block;\n  text-align: center;\n  transition: 0.5s;\n  background-size: 200% auto;\n  box-shadow: 0 5px 20px rgba(0,0,0,0.15);\n   background-image: linear-gradient(to right, #57A140 0%, #57A140 51%, #20497D 100%);\n  text-decoration:none\n }\n\n\n#uc_gradient_button_elementor_c97a6e1 a:hover {\n  background-position: right center; \n}\n\n<\/style>\n\n<div style=\"text-align:center;\" id=\"uc_gradient_button_elementor_c97a6e1\">\n  <a href=\"\/fr\/contact\"  class=\"gradient_button\">Contactez-nous<\/a>\n<\/div>\n<!-- end Gradient Button -->\t\t\t\t<\/div>\n\t\t\t\t<\/div>\n\t\t\t\t\t<\/div>\n\t\t<\/div>\n\t\t\t\t<div class=\"elementor-column elementor-col-50 elementor-top-column elementor-element elementor-element-38851d3\" data-id=\"38851d3\" data-element_type=\"column\" data-e-type=\"column\">\n\t\t\t<div class=\"elementor-widget-wrap elementor-element-populated\">\n\t\t\t\t\t\t<div class=\"elementor-element elementor-element-d9d3b65 elementor-widget elementor-widget-image\" data-id=\"d9d3b65\" data-element_type=\"widget\" data-e-type=\"widget\" data-widget_type=\"image.default\">\n\t\t\t\t<div class=\"elementor-widget-container\">\n\t\t\t\t\t\t\t\t\t\t\t\t\t\t\t<img fetchpriority=\"high\" decoding=\"async\" width=\"418\" height=\"418\" src=\"https:\/\/lrifire.com\/wp-content\/uploads\/2024\/05\/6_img_section7.png\" class=\"attachment-large size-large wp-image-7974\" alt=\"Fire Protection Building Code Engineers\" srcset=\"https:\/\/lrifire.com\/wp-content\/uploads\/2024\/05\/6_img_section7.png 418w, https:\/\/lrifire.com\/wp-content\/uploads\/2024\/05\/6_img_section7-300x300.png 300w, https:\/\/lrifire.com\/wp-content\/uploads\/2024\/05\/6_img_section7-150x150.png 150w\" sizes=\"(max-width: 418px) 100vw, 418px\" \/>\t\t\t\t\t\t\t\t\t\t\t\t\t\t\t<\/div>\n\t\t\t\t<\/div>\n\t\t\t\t\t<\/div>\n\t\t<\/div>\n\t\t\t\t\t<\/div>\n\t\t<\/section>\n\t\t\t\t<\/div>\n\t\t\t\t<\/div>\n\t\t\t\t\t\t<\/div>\n\t\t\t\t<\/div>\n\t\t\t\t\t<\/div>\n\t\t<\/div>\n\t\t\t\t\t<\/div>\n\t\t<\/section>\n\t\t\t\t<\/div>\n\t\t","protected":false},"excerpt":{"rendered":"<p>Webinaires Nos webinaires offrent une occasion privil\u00e9gi\u00e9e de rester inform\u00e9 des d\u00e9veloppements r\u00e9cents en mati\u00e8re de protection incendie et de codes du b\u00e2timent. Anim\u00e9s par nos sp\u00e9cialistes, ils proposent des contenus clairs et pertinents, ax\u00e9s sur les mises \u00e0 jour r\u00e9glementaires, les meilleures pratiques et les enjeux actuels du milieu. Cat\u00e9gorie No items found This [&hellip;]<\/p>\n","protected":false},"author":2,"featured_media":7940,"parent":0,"menu_order":0,"comment_status":"closed","ping_status":"closed","template":"","meta":{"_acf_changed":false,"site-sidebar-layout":"no-sidebar","site-content-layout":"page-builder","ast-site-content-layout":"full-width-container","site-content-style":"unboxed","site-sidebar-style":"unboxed","ast-global-header-display":"","ast-banner-title-visibility":"","ast-main-header-display":"","ast-hfb-above-header-display":"","ast-hfb-below-header-display":"","ast-hfb-mobile-header-display":"","site-post-title":"disabled","ast-breadcrumbs-content":"","ast-featured-img":"disabled","footer-sml-layout":"","ast-disable-related-posts":"","theme-transparent-header-meta":"default","adv-header-id-meta":"","stick-header-meta":"default","header-above-stick-meta":"","header-main-stick-meta":"","header-below-stick-meta":"","astra-migrate-meta-layouts":"set","ast-page-background-enabled":"default","ast-page-background-meta":{"desktop":{"background-color":"","background-image":"","background-repeat":"repeat","background-position":"center center","background-size":"auto","background-attachment":"scroll","background-type":"","background-media":"","overlay-type":"","overlay-color":"","overlay-opacity":"","overlay-gradient":""},"tablet":{"background-color":"","background-image":"","background-repeat":"repeat","background-position":"center center","background-size":"auto","background-attachment":"scroll","background-type":"","background-media":"","overlay-type":"","overlay-color":"","overlay-opacity":"","overlay-gradient":""},"mobile":{"background-color":"","background-image":"","background-repeat":"repeat","background-position":"center center","background-size":"auto","background-attachment":"scroll","background-type":"","background-media":"","overlay-type":"","overlay-color":"","overlay-opacity":"","overlay-gradient":""}},"ast-content-background-meta":{"desktop":{"background-color":"var(--ast-global-color-5)","background-image":"","background-repeat":"repeat","background-position":"center center","background-size":"auto","background-attachment":"scroll","background-type":"","background-media":"","overlay-type":"","overlay-color":"","overlay-opacity":"","overlay-gradient":""},"tablet":{"background-color":"var(--ast-global-color-5)","background-image":"","background-repeat":"repeat","background-position":"center center","background-size":"auto","background-attachment":"scroll","background-type":"","background-media":"","overlay-type":"","overlay-color":"","overlay-opacity":"","overlay-gradient":""},"mobile":{"background-color":"var(--ast-global-color-5)","background-image":"","background-repeat":"repeat","background-position":"center center","background-size":"auto","background-attachment":"scroll","background-type":"","background-media":"","overlay-type":"","overlay-color":"","overlay-opacity":"","overlay-gradient":""}},"footnotes":""},"class_list":["post-8822","page","type-page","status-publish","has-post-thumbnail","hentry"],"acf":[],"yoast_head":"<!-- This site is optimized with the Yoast SEO Premium plugin v27.4 (Yoast SEO v27.4) - https:\/\/yoast.com\/product\/yoast-seo-premium-wordpress\/ -->\n<title>Webinaires<\/title>\n<meta name=\"robots\" content=\"index, follow, max-snippet:-1, max-image-preview:large, max-video-preview:-1\" \/>\n<link rel=\"canonical\" href=\"https:\/\/lrifire.com\/fr\/webinaires\/\" \/>\n<meta property=\"og:locale\" content=\"fr_FR\" \/>\n<meta property=\"og:type\" content=\"article\" \/>\n<meta property=\"og:title\" content=\"Webinaires\" \/>\n<meta property=\"og:description\" content=\"Webinaires Nos webinaires offrent une occasion privil\u00e9gi\u00e9e de rester inform\u00e9 des d\u00e9veloppements r\u00e9cents en mati\u00e8re de protection incendie et de codes du b\u00e2timent. Anim\u00e9s par nos sp\u00e9cialistes, ils proposent des contenus clairs et pertinents, ax\u00e9s sur les mises \u00e0 jour r\u00e9glementaires, les meilleures pratiques et les enjeux actuels du milieu. Cat\u00e9gorie No items found This [&hellip;]\" \/>\n<meta property=\"og:url\" content=\"https:\/\/lrifire.com\/fr\/webinaires\/\" \/>\n<meta property=\"og:site_name\" content=\"LRI\" \/>\n<meta property=\"article:modified_time\" content=\"2025-05-12T18:37:48+00:00\" \/>\n<meta property=\"og:image\" content=\"https:\/\/lrifire.com\/wp-content\/uploads\/2024\/06\/867_LRI_img-vedette.jpg\" \/>\n\t<meta property=\"og:image:width\" content=\"1200\" \/>\n\t<meta property=\"og:image:height\" content=\"628\" \/>\n\t<meta property=\"og:image:type\" content=\"image\/jpeg\" \/>\n<meta name=\"twitter:card\" content=\"summary_large_image\" \/>\n<script type=\"application\/ld+json\" class=\"yoast-schema-graph\">{\"@context\":\"https:\\\/\\\/schema.org\",\"@graph\":[{\"@type\":\"WebPage\",\"@id\":\"https:\\\/\\\/lrifire.com\\\/fr\\\/webinaires\\\/\",\"url\":\"https:\\\/\\\/lrifire.com\\\/fr\\\/webinaires\\\/\",\"name\":\"Webinaires\",\"isPartOf\":{\"@id\":\"https:\\\/\\\/lrifire.com\\\/fr\\\/#website\"},\"primaryImageOfPage\":{\"@id\":\"https:\\\/\\\/lrifire.com\\\/fr\\\/webinaires\\\/#primaryimage\"},\"image\":{\"@id\":\"https:\\\/\\\/lrifire.com\\\/fr\\\/webinaires\\\/#primaryimage\"},\"thumbnailUrl\":\"https:\\\/\\\/lrifire.com\\\/wp-content\\\/uploads\\\/2024\\\/06\\\/867_LRI_img-vedette.jpg\",\"datePublished\":\"2025-05-12T17:53:28+00:00\",\"dateModified\":\"2025-05-12T18:37:48+00:00\",\"breadcrumb\":{\"@id\":\"https:\\\/\\\/lrifire.com\\\/fr\\\/webinaires\\\/#breadcrumb\"},\"inLanguage\":\"fr-FR\",\"potentialAction\":[{\"@type\":\"ReadAction\",\"target\":[\"https:\\\/\\\/lrifire.com\\\/fr\\\/webinaires\\\/\"]}]},{\"@type\":\"ImageObject\",\"inLanguage\":\"fr-FR\",\"@id\":\"https:\\\/\\\/lrifire.com\\\/fr\\\/webinaires\\\/#primaryimage\",\"url\":\"https:\\\/\\\/lrifire.com\\\/wp-content\\\/uploads\\\/2024\\\/06\\\/867_LRI_img-vedette.jpg\",\"contentUrl\":\"https:\\\/\\\/lrifire.com\\\/wp-content\\\/uploads\\\/2024\\\/06\\\/867_LRI_img-vedette.jpg\",\"width\":1200,\"height\":628},{\"@type\":\"BreadcrumbList\",\"@id\":\"https:\\\/\\\/lrifire.com\\\/fr\\\/webinaires\\\/#breadcrumb\",\"itemListElement\":[{\"@type\":\"ListItem\",\"position\":1,\"name\":\"Home\",\"item\":\"https:\\\/\\\/lrifire.com\\\/fr\\\/\"},{\"@type\":\"ListItem\",\"position\":2,\"name\":\"Webinaires\"}]},{\"@type\":\"WebSite\",\"@id\":\"https:\\\/\\\/lrifire.com\\\/fr\\\/#website\",\"url\":\"https:\\\/\\\/lrifire.com\\\/fr\\\/\",\"name\":\"LRI\",\"description\":\"\",\"publisher\":{\"@id\":\"https:\\\/\\\/lrifire.com\\\/fr\\\/#organization\"},\"potentialAction\":[{\"@type\":\"SearchAction\",\"target\":{\"@type\":\"EntryPoint\",\"urlTemplate\":\"https:\\\/\\\/lrifire.com\\\/fr\\\/?s={search_term_string}\"},\"query-input\":{\"@type\":\"PropertyValueSpecification\",\"valueRequired\":true,\"valueName\":\"search_term_string\"}}],\"inLanguage\":\"fr-FR\"},{\"@type\":\"Organization\",\"@id\":\"https:\\\/\\\/lrifire.com\\\/fr\\\/#organization\",\"name\":\"LRI\",\"url\":\"https:\\\/\\\/lrifire.com\\\/fr\\\/\",\"logo\":{\"@type\":\"ImageObject\",\"inLanguage\":\"fr-FR\",\"@id\":\"https:\\\/\\\/lrifire.com\\\/fr\\\/#\\\/schema\\\/logo\\\/image\\\/\",\"url\":\"https:\\\/\\\/lrifire.com\\\/wp-content\\\/uploads\\\/2026\\\/03\\\/lri-fire-logo-sm-fr.png\",\"contentUrl\":\"https:\\\/\\\/lrifire.com\\\/wp-content\\\/uploads\\\/2026\\\/03\\\/lri-fire-logo-sm-fr.png\",\"width\":249,\"height\":103,\"caption\":\"LRI\"},\"image\":{\"@id\":\"https:\\\/\\\/lrifire.com\\\/fr\\\/#\\\/schema\\\/logo\\\/image\\\/\"}}]}<\/script>\n<!-- \/ Yoast SEO Premium plugin. -->","yoast_head_json":{"title":"Webinaires","robots":{"index":"index","follow":"follow","max-snippet":"max-snippet:-1","max-image-preview":"max-image-preview:large","max-video-preview":"max-video-preview:-1"},"canonical":"https:\/\/lrifire.com\/fr\/webinaires\/","og_locale":"fr_FR","og_type":"article","og_title":"Webinaires","og_description":"Webinaires Nos webinaires offrent une occasion privil\u00e9gi\u00e9e de rester inform\u00e9 des d\u00e9veloppements r\u00e9cents en mati\u00e8re de protection incendie et de codes du b\u00e2timent. Anim\u00e9s par nos sp\u00e9cialistes, ils proposent des contenus clairs et pertinents, ax\u00e9s sur les mises \u00e0 jour r\u00e9glementaires, les meilleures pratiques et les enjeux actuels du milieu. Cat\u00e9gorie No items found This [&hellip;]","og_url":"https:\/\/lrifire.com\/fr\/webinaires\/","og_site_name":"LRI","article_modified_time":"2025-05-12T18:37:48+00:00","og_image":[{"width":1200,"height":628,"url":"https:\/\/lrifire.com\/wp-content\/uploads\/2024\/06\/867_LRI_img-vedette.jpg","type":"image\/jpeg"}],"twitter_card":"summary_large_image","schema":{"@context":"https:\/\/schema.org","@graph":[{"@type":"WebPage","@id":"https:\/\/lrifire.com\/fr\/webinaires\/","url":"https:\/\/lrifire.com\/fr\/webinaires\/","name":"Webinaires","isPartOf":{"@id":"https:\/\/lrifire.com\/fr\/#website"},"primaryImageOfPage":{"@id":"https:\/\/lrifire.com\/fr\/webinaires\/#primaryimage"},"image":{"@id":"https:\/\/lrifire.com\/fr\/webinaires\/#primaryimage"},"thumbnailUrl":"https:\/\/lrifire.com\/wp-content\/uploads\/2024\/06\/867_LRI_img-vedette.jpg","datePublished":"2025-05-12T17:53:28+00:00","dateModified":"2025-05-12T18:37:48+00:00","breadcrumb":{"@id":"https:\/\/lrifire.com\/fr\/webinaires\/#breadcrumb"},"inLanguage":"fr-FR","potentialAction":[{"@type":"ReadAction","target":["https:\/\/lrifire.com\/fr\/webinaires\/"]}]},{"@type":"ImageObject","inLanguage":"fr-FR","@id":"https:\/\/lrifire.com\/fr\/webinaires\/#primaryimage","url":"https:\/\/lrifire.com\/wp-content\/uploads\/2024\/06\/867_LRI_img-vedette.jpg","contentUrl":"https:\/\/lrifire.com\/wp-content\/uploads\/2024\/06\/867_LRI_img-vedette.jpg","width":1200,"height":628},{"@type":"BreadcrumbList","@id":"https:\/\/lrifire.com\/fr\/webinaires\/#breadcrumb","itemListElement":[{"@type":"ListItem","position":1,"name":"Home","item":"https:\/\/lrifire.com\/fr\/"},{"@type":"ListItem","position":2,"name":"Webinaires"}]},{"@type":"WebSite","@id":"https:\/\/lrifire.com\/fr\/#website","url":"https:\/\/lrifire.com\/fr\/","name":"LRI","description":"","publisher":{"@id":"https:\/\/lrifire.com\/fr\/#organization"},"potentialAction":[{"@type":"SearchAction","target":{"@type":"EntryPoint","urlTemplate":"https:\/\/lrifire.com\/fr\/?s={search_term_string}"},"query-input":{"@type":"PropertyValueSpecification","valueRequired":true,"valueName":"search_term_string"}}],"inLanguage":"fr-FR"},{"@type":"Organization","@id":"https:\/\/lrifire.com\/fr\/#organization","name":"LRI","url":"https:\/\/lrifire.com\/fr\/","logo":{"@type":"ImageObject","inLanguage":"fr-FR","@id":"https:\/\/lrifire.com\/fr\/#\/schema\/logo\/image\/","url":"https:\/\/lrifire.com\/wp-content\/uploads\/2026\/03\/lri-fire-logo-sm-fr.png","contentUrl":"https:\/\/lrifire.com\/wp-content\/uploads\/2026\/03\/lri-fire-logo-sm-fr.png","width":249,"height":103,"caption":"LRI"},"image":{"@id":"https:\/\/lrifire.com\/fr\/#\/schema\/logo\/image\/"}}]}},"_links":{"self":[{"href":"https:\/\/lrifire.com\/fr\/wp-json\/wp\/v2\/pages\/8822","targetHints":{"allow":["GET"]}}],"collection":[{"href":"https:\/\/lrifire.com\/fr\/wp-json\/wp\/v2\/pages"}],"about":[{"href":"https:\/\/lrifire.com\/fr\/wp-json\/wp\/v2\/types\/page"}],"author":[{"embeddable":true,"href":"https:\/\/lrifire.com\/fr\/wp-json\/wp\/v2\/users\/2"}],"replies":[{"embeddable":true,"href":"https:\/\/lrifire.com\/fr\/wp-json\/wp\/v2\/comments?post=8822"}],"version-history":[{"count":0,"href":"https:\/\/lrifire.com\/fr\/wp-json\/wp\/v2\/pages\/8822\/revisions"}],"wp:featuredmedia":[{"embeddable":true,"href":"https:\/\/lrifire.com\/fr\/wp-json\/wp\/v2\/media\/7940"}],"wp:attachment":[{"href":"https:\/\/lrifire.com\/fr\/wp-json\/wp\/v2\/media?parent=8822"}],"curies":[{"name":"wp","href":"https:\/\/api.w.org\/{rel}","templated":true}]}}