{"id":8402,"date":"2025-02-12T11:01:50","date_gmt":"2025-02-12T16:01:50","guid":{"rendered":"https:\/\/lrifire.com\/?page_id=8402"},"modified":"2025-03-04T11:33:23","modified_gmt":"2025-03-04T16:33:23","slug":"infolettre","status":"publish","type":"page","link":"https:\/\/lrifire.com\/fr\/infolettre\/","title":{"rendered":"Infolettre"},"content":{"rendered":"\t\t<div data-elementor-type=\"wp-page\" data-elementor-id=\"8402\" class=\"elementor elementor-8402 elementor-8401\" data-elementor-post-type=\"page\">\n\t\t\t\t\t\t<section class=\"elementor-section elementor-top-section elementor-element elementor-element-2c0a3c1f elementor-section-height-min-height elementor-section-items-top elementor-section-boxed elementor-section-height-default\" data-id=\"2c0a3c1f\" data-element_type=\"section\" data-e-type=\"section\" data-settings=\"{&quot;background_background&quot;:&quot;classic&quot;}\">\n\t\t\t\t\t\t<div class=\"elementor-container elementor-column-gap-no\">\n\t\t\t\t\t<div class=\"elementor-column elementor-col-50 elementor-top-column elementor-element elementor-element-52541249\" data-id=\"52541249\" data-element_type=\"column\" data-e-type=\"column\">\n\t\t\t<div class=\"elementor-widget-wrap elementor-element-populated\">\n\t\t\t\t\t\t<div class=\"elementor-element elementor-element-2078206 elementor-widget elementor-widget-heading\" data-id=\"2078206\" data-element_type=\"widget\" data-e-type=\"widget\" data-widget_type=\"heading.default\">\n\t\t\t\t<div class=\"elementor-widget-container\">\n\t\t\t\t\t<h2 class=\"elementor-heading-title elementor-size-default\">Restez \u00e0 la pointe de l'actualit\u00e9 dans le secteur des b\u00e2timents au Canada<\/h2>\t\t\t\t<\/div>\n\t\t\t\t<\/div>\n\t\t\t\t<div class=\"elementor-element elementor-element-1e134492 elementor-widget elementor-widget-text-editor\" data-id=\"1e134492\" data-element_type=\"widget\" data-e-type=\"widget\" data-widget_type=\"text-editor.default\">\n\t\t\t\t<div class=\"elementor-widget-container\">\n\t\t\t\t\t\t\t\t\t<p>Au programme :<\/p><ul><li>Les tendances de l\u2019industrie<\/li><li>Des articles techniques mettant en lumi\u00e8re les probl\u00e8mes de conformit\u00e9 des b\u00e2timents<\/li><li>Des avis d\u2019experts<\/li><\/ul>\t\t\t\t\t\t\t\t<\/div>\n\t\t\t\t<\/div>\n\t\t\t\t\t<\/div>\n\t\t<\/div>\n\t\t\t\t<div class=\"elementor-column elementor-col-50 elementor-top-column elementor-element elementor-element-dbbbee6\" data-id=\"dbbbee6\" data-element_type=\"column\" data-e-type=\"column\">\n\t\t\t<div class=\"elementor-widget-wrap elementor-element-populated\">\n\t\t\t\t\t\t<div class=\"elementor-element elementor-element-208e27f elementor-widget elementor-widget-formidable\" data-id=\"208e27f\" data-element_type=\"widget\" data-e-type=\"widget\" data-widget_type=\"formidable.default\">\n\t\t\t\t<div class=\"elementor-widget-container\">\n\t\t\t\t\t<link rel='stylesheet' id='formidable-css' href='https:\/\/lrifire.com\/wp-content\/plugins\/formidable\/css\/formidableforms.css?ver=3161507' media='all' \/>\n<div class=\"frm_forms  with_frm_style frm_style_formidable-style\" id=\"frm_form_16_container\" data-token=\"05eea8d09a37eddce8a9da5c98a9cd56\">\n<form enctype=\"multipart\/form-data\" method=\"post\" class=\"frm-show-form btn-right frm_js_validate  frm_ajax_submit  frm_pro_form \" id=\"form_contact-form222\" data-token=\"05eea8d09a37eddce8a9da5c98a9cd56\">\n<div class=\"frm_form_fields \">\n<fieldset>\n<legend class=\"frm_screen_reader\">Contactez-nous<\/legend>\r\n\r\n<div class=\"frm_fields_container\">\n<input type=\"hidden\" name=\"frm_action\" value=\"create\" \/>\n<input type=\"hidden\" name=\"form_id\" value=\"16\" \/>\n<input type=\"hidden\" name=\"frm_hide_fields_16\" id=\"frm_hide_fields_16\" value=\"\" \/>\n<input type=\"hidden\" name=\"form_key\" value=\"contact-form222\" \/>\n<input type=\"hidden\" name=\"item_meta[0]\" value=\"\" \/>\n<input type=\"hidden\" id=\"frm_submit_entry_16\" name=\"frm_submit_entry_16\" value=\"8e9a1fe5a6\" \/><input type=\"hidden\" name=\"_wp_http_referer\" value=\"\/fr\/wp-json\/wp\/v2\/pages\/8402\" \/><div id=\"frm_field_117_container\" class=\"frm_form_field form-field  frm_required_field frm_none_container frm6 frm_first\">\r\n    <label for=\"field_qh4icy4\" class=\"frm_primary_label\">Pr\u00e9nom\r\n        <span class=\"frm_required\"><\/span>\r\n    <\/label>\r\n    <input  type=\"text\" id=\"field_qh4icy4\" name=\"item_meta[117]\" value=\"\"  placeholder=\"Pr\u00e9nom*\" data-reqmsg=\"Veuillez remplir ce champ obligatoire.\" aria-required=\"true\" data-invmsg=\"Name est non valide\" aria-invalid=\"false\"   \/>\r\n    \r\n    \r\n<\/div>\n<div id=\"frm_field_118_container\" class=\"frm_form_field form-field  frm_required_field frm_none_container frm6\">\r\n    <label for=\"field_ocfup14\" class=\"frm_primary_label\">Nom\r\n        <span class=\"frm_required\"><\/span>\r\n    <\/label>\r\n    <input  type=\"text\" id=\"field_ocfup14\" name=\"item_meta[118]\" value=\"\"  placeholder=\"Nom*\" data-reqmsg=\"Veuillez remplir ce champ obligatoire.\" aria-required=\"true\" data-invmsg=\"Last est non valide\" aria-invalid=\"false\"   \/>\r\n    \r\n    \r\n<\/div>\n<div id=\"frm_field_121_container\" class=\"frm_form_field form-field  frm_required_field frm_none_container frm12 frm_first\">\r\n    <label for=\"field_29yf4d4\" class=\"frm_primary_label\">Courriel\r\n        <span class=\"frm_required\"><\/span>\r\n    <\/label>\r\n    <input type=\"email\" id=\"field_29yf4d4\" name=\"item_meta[121]\" value=\"\"  placeholder=\"Courriel*\" data-reqmsg=\"Veuillez remplir ce champ obligatoire.\" aria-required=\"true\" data-invmsg=\"Indiquez une adresse valide.\" aria-invalid=\"false\"  \/>\r\n    \r\n    \r\n<\/div>\n<div id=\"frm_field_123_container\" class=\"frm_form_field form-field  frm_required_field frm_none_container frm6 frm_first\">\r\n\t<label for=\"field_dxg3c4\" id=\"field_dxg3c4_label\" class=\"frm_primary_label\">Province\r\n\t\t<span class=\"frm_required\" aria-hidden=\"true\">*<\/span>\r\n\t<\/label>\r\n\t<input  type=\"text\" id=\"field_dxg3c4\" name=\"item_meta[123]\" value=\"\"  placeholder=\"Province*\" data-reqmsg=\"Veuillez remplir ce champ obligatoire.\" aria-required=\"true\" data-invmsg=\"Province is invalid\" aria-invalid=\"false\"   \/>\r\n\t\r\n\t\r\n<\/div>\n<div id=\"frm_field_127_container\" class=\"frm_form_field form-field  frm_required_field frm_none_container frm6\">\r\n\t<label for=\"field_3ky1i\" id=\"field_3ky1i_label\" class=\"frm_primary_label\">Langue\r\n\t\t<span class=\"frm_required\" aria-hidden=\"true\">*<\/span>\r\n\t<\/label>\r\n\t\t\t<select name=\"item_meta[127]\" id=\"field_3ky1i\"  data-placeholder=\"Langue*\"  placeholder=\"Langue*\" data-reqmsg=\"Veuillez remplir ce champ obligatoire.\" aria-required=\"true\" data-invmsg=\"Langue est non valide\" aria-invalid=\"false\"  >\n\t\t<option  class=\"frm-select-placeholder\" value=\"\" data-placeholder=\"true\">Langue*<\/option><option  value=\"Anglais\">Anglais<\/option><option  value=\"Fran\u00e7ais\">Fran\u00e7ais<\/option>\t<\/select>\n\t\r\n\t\r\n\t\r\n<\/div>\n<div id=\"frm_field_120_container\" class=\"frm_form_field form-field  frm_none_container frm6 frm_first\">\r\n    <label for=\"field_lrc7p4\" class=\"frm_primary_label\">Entreprise\r\n        <span class=\"frm_required\"><\/span>\r\n    <\/label>\r\n    <input  type=\"text\" id=\"field_lrc7p4\" name=\"item_meta[120]\" value=\"\"  placeholder=\"Entreprise\" data-invmsg=\"Last est non valide\" aria-invalid=\"false\"   \/>\r\n    \r\n    \r\n<\/div>\n<div id=\"frm_field_119_container\" class=\"frm_form_field form-field  frm_required_field frm_none_container frm6\">\r\n\t<label for=\"field_wfhnv4\" id=\"field_wfhnv4_label\" class=\"frm_primary_label\">Titre\r\n\t\t<span class=\"frm_required\" aria-hidden=\"true\">*<\/span>\r\n\t<\/label>\r\n\t<input  type=\"text\" id=\"field_wfhnv4\" name=\"item_meta[119]\" value=\"\"  placeholder=\"Titre*\" data-reqmsg=\"Veuillez remplir ce champ obligatoire.\" aria-required=\"true\" data-invmsg=\"Titre is invalid\" aria-invalid=\"false\"   \/>\r\n\t\r\n\t\r\n<\/div>\n<div id=\"frm_field_125_container\" class=\"frm_form_field form-field  frm_none_container\">\r\n    <label for=\"g-recaptcha-response\" id=\"field_zdmfq4_label\" class=\"frm_primary_label\">CAPTCHA\r\n        <span class=\"frm_required\" aria-hidden=\"true\"><\/span>\r\n    <\/label>\r\n    <div  id=\"field_zdmfq4\" class=\"frm-g-recaptcha\" data-sitekey=\"6LdCuQcqAAAAAJl-1dAdL0959JkK5UqFuzI_md7F\" data-size=\"normal\" data-theme=\"light\"><\/div>\r\n    \r\n    \r\n<\/div>\n<div id=\"frm_field_126_container\" class=\"frm_form_field form-field \">\r\n\t<div class=\"frm_submit  frm_first frm_third\">\r\n\r\n<button class=\"btn frm_button_submit frm_final_submit\" type=\"submit\"   formnovalidate=\"formnovalidate\">S&#039;inscrire<\/button>\r\n\r\n<\/div>\r\n<\/div>\n\t<input type=\"hidden\" name=\"item_key\" value=\"\" \/>\n\t\t\t<div id=\"frm_field_128_container\">\n\t\t\t<label for=\"field_mbo9v\" >\n\t\t\t\tSi vous \u00eates un humain, ne remplissez pas ce champ.\t\t\t<\/label>\n\t\t\t<input  id=\"field_mbo9v\" type=\"text\" class=\"frm_form_field form-field frm_verify\" name=\"item_meta[128]\" value=\"\"  \/>\n\t\t<\/div>\n\t\t<input name=\"frm_state\" type=\"hidden\" value=\"jnAOxU1o+C9xKOBgM4ROMe+6YESDPvN7LwxuMWRhosiSGGOGp8SK99Fv9XnUIPQv\" \/><\/div>\n<\/fieldset>\n<\/div>\n\n<\/form>\n<\/div>\n\t\t\t\t<\/div>\n\t\t\t\t<\/div>\n\t\t\t\t\t<\/div>\n\t\t<\/div>\n\t\t\t\t\t<\/div>\n\t\t<\/section>\n\t\t\t\t<section class=\"elementor-section elementor-top-section elementor-element elementor-element-830ed02 elementor-section-boxed elementor-section-height-default elementor-section-height-default\" data-id=\"830ed02\" data-element_type=\"section\" data-e-type=\"section\">\n\t\t\t\t\t\t<div class=\"elementor-container elementor-column-gap-default\">\n\t\t\t\t\t<div class=\"elementor-column elementor-col-100 elementor-top-column elementor-element elementor-element-146686a\" data-id=\"146686a\" data-element_type=\"column\" data-e-type=\"column\">\n\t\t\t<div class=\"elementor-widget-wrap\">\n\t\t\t\t\t\t\t<\/div>\n\t\t<\/div>\n\t\t\t\t\t<\/div>\n\t\t<\/section>\n\t\t\t\t<\/div>\n\t\t","protected":false},"excerpt":{"rendered":"<p>Restez \u00e0 la pointe de l&rsquo;actualit\u00e9 dans le secteur des b\u00e2timents au Canada Au programme : Les tendances de l\u2019industrie Des articles techniques mettant en lumi\u00e8re les probl\u00e8mes de conformit\u00e9 des b\u00e2timents Des avis d\u2019experts Newsletter &#8211; Full &#8211; FR Pr\u00e9nom Nom Courriel Province * Langue * Langue*AnglaisFran\u00e7ais Entreprise Titre * CAPTCHA S&#039;inscrire If you [&hellip;]<\/p>\n","protected":false},"author":2,"featured_media":7940,"parent":0,"menu_order":0,"comment_status":"closed","ping_status":"closed","template":"","meta":{"_acf_changed":false,"site-sidebar-layout":"no-sidebar","site-content-layout":"page-builder","ast-site-content-layout":"full-width-container","site-content-style":"default","site-sidebar-style":"default","ast-global-header-display":"","ast-banner-title-visibility":"","ast-main-header-display":"","ast-hfb-above-header-display":"","ast-hfb-below-header-display":"","ast-hfb-mobile-header-display":"","site-post-title":"disabled","ast-breadcrumbs-content":"","ast-featured-img":"disabled","footer-sml-layout":"","ast-disable-related-posts":"","theme-transparent-header-meta":"default","adv-header-id-meta":"","stick-header-meta":"default","header-above-stick-meta":"","header-main-stick-meta":"","header-below-stick-meta":"","astra-migrate-meta-layouts":"set","ast-page-background-enabled":"default","ast-page-background-meta":{"desktop":{"background-color":"","background-image":"","background-repeat":"repeat","background-position":"center center","background-size":"auto","background-attachment":"scroll","background-type":"","background-media":"","overlay-type":"","overlay-color":"","overlay-opacity":"","overlay-gradient":""},"tablet":{"background-color":"","background-image":"","background-repeat":"repeat","background-position":"center center","background-size":"auto","background-attachment":"scroll","background-type":"","background-media":"","overlay-type":"","overlay-color":"","overlay-opacity":"","overlay-gradient":""},"mobile":{"background-color":"","background-image":"","background-repeat":"repeat","background-position":"center center","background-size":"auto","background-attachment":"scroll","background-type":"","background-media":"","overlay-type":"","overlay-color":"","overlay-opacity":"","overlay-gradient":""}},"ast-content-background-meta":{"desktop":{"background-color":"var(--ast-global-color-5)","background-image":"","background-repeat":"repeat","background-position":"center center","background-size":"auto","background-attachment":"scroll","background-type":"","background-media":"","overlay-type":"","overlay-color":"","overlay-opacity":"","overlay-gradient":""},"tablet":{"background-color":"var(--ast-global-color-5)","background-image":"","background-repeat":"repeat","background-position":"center center","background-size":"auto","background-attachment":"scroll","background-type":"","background-media":"","overlay-type":"","overlay-color":"","overlay-opacity":"","overlay-gradient":""},"mobile":{"background-color":"var(--ast-global-color-5)","background-image":"","background-repeat":"repeat","background-position":"center center","background-size":"auto","background-attachment":"scroll","background-type":"","background-media":"","overlay-type":"","overlay-color":"","overlay-opacity":"","overlay-gradient":""}},"footnotes":""},"class_list":["post-8402","page","type-page","status-publish","has-post-thumbnail","hentry"],"acf":[],"yoast_head":"<!-- This site is optimized with the Yoast SEO Premium plugin v27.4 (Yoast SEO v27.4) - https:\/\/yoast.com\/product\/yoast-seo-premium-wordpress\/ -->\n<title>Infolettre | LRI<\/title>\n<meta name=\"robots\" content=\"index, follow, max-snippet:-1, max-image-preview:large, max-video-preview:-1\" \/>\n<link rel=\"canonical\" href=\"https:\/\/lrifire.com\/fr\/infolettre\/\" \/>\n<meta property=\"og:locale\" content=\"fr_FR\" \/>\n<meta property=\"og:type\" content=\"article\" \/>\n<meta property=\"og:title\" content=\"Infolettre\" \/>\n<meta property=\"og:description\" content=\"Restez \u00e0 la pointe de l&rsquo;actualit\u00e9 dans le secteur des b\u00e2timents au Canada Au programme : Les tendances de l\u2019industrie Des articles techniques mettant en lumi\u00e8re les probl\u00e8mes de conformit\u00e9 des b\u00e2timents Des avis d\u2019experts Newsletter &#8211; Full &#8211; FR Pr\u00e9nom Nom Courriel Province * Langue * Langue*AnglaisFran\u00e7ais Entreprise Titre * CAPTCHA S&#039;inscrire If you [&hellip;]\" \/>\n<meta property=\"og:url\" content=\"https:\/\/lrifire.com\/fr\/infolettre\/\" \/>\n<meta property=\"og:site_name\" content=\"LRI\" \/>\n<meta property=\"article:modified_time\" content=\"2025-03-04T16:33:23+00:00\" \/>\n<meta property=\"og:image\" content=\"https:\/\/lrifire.com\/wp-content\/uploads\/2024\/06\/867_LRI_img-vedette.jpg\" \/>\n\t<meta property=\"og:image:width\" content=\"1200\" \/>\n\t<meta property=\"og:image:height\" content=\"628\" \/>\n\t<meta property=\"og:image:type\" content=\"image\/jpeg\" \/>\n<meta name=\"twitter:card\" content=\"summary_large_image\" \/>\n<script type=\"application\/ld+json\" class=\"yoast-schema-graph\">{\"@context\":\"https:\\\/\\\/schema.org\",\"@graph\":[{\"@type\":\"WebPage\",\"@id\":\"https:\\\/\\\/lrifire.com\\\/fr\\\/infolettre\\\/\",\"url\":\"https:\\\/\\\/lrifire.com\\\/fr\\\/infolettre\\\/\",\"name\":\"Infolettre | LRI\",\"isPartOf\":{\"@id\":\"https:\\\/\\\/lrifire.com\\\/fr\\\/#website\"},\"primaryImageOfPage\":{\"@id\":\"https:\\\/\\\/lrifire.com\\\/fr\\\/infolettre\\\/#primaryimage\"},\"image\":{\"@id\":\"https:\\\/\\\/lrifire.com\\\/fr\\\/infolettre\\\/#primaryimage\"},\"thumbnailUrl\":\"https:\\\/\\\/lrifire.com\\\/wp-content\\\/uploads\\\/2024\\\/06\\\/867_LRI_img-vedette.jpg\",\"datePublished\":\"2025-02-12T16:01:50+00:00\",\"dateModified\":\"2025-03-04T16:33:23+00:00\",\"breadcrumb\":{\"@id\":\"https:\\\/\\\/lrifire.com\\\/fr\\\/infolettre\\\/#breadcrumb\"},\"inLanguage\":\"fr-FR\",\"potentialAction\":[{\"@type\":\"ReadAction\",\"target\":[\"https:\\\/\\\/lrifire.com\\\/fr\\\/infolettre\\\/\"]}]},{\"@type\":\"ImageObject\",\"inLanguage\":\"fr-FR\",\"@id\":\"https:\\\/\\\/lrifire.com\\\/fr\\\/infolettre\\\/#primaryimage\",\"url\":\"https:\\\/\\\/lrifire.com\\\/wp-content\\\/uploads\\\/2024\\\/06\\\/867_LRI_img-vedette.jpg\",\"contentUrl\":\"https:\\\/\\\/lrifire.com\\\/wp-content\\\/uploads\\\/2024\\\/06\\\/867_LRI_img-vedette.jpg\",\"width\":1200,\"height\":628},{\"@type\":\"BreadcrumbList\",\"@id\":\"https:\\\/\\\/lrifire.com\\\/fr\\\/infolettre\\\/#breadcrumb\",\"itemListElement\":[{\"@type\":\"ListItem\",\"position\":1,\"name\":\"Home\",\"item\":\"https:\\\/\\\/lrifire.com\\\/fr\\\/\"},{\"@type\":\"ListItem\",\"position\":2,\"name\":\"Infolettre\"}]},{\"@type\":\"WebSite\",\"@id\":\"https:\\\/\\\/lrifire.com\\\/fr\\\/#website\",\"url\":\"https:\\\/\\\/lrifire.com\\\/fr\\\/\",\"name\":\"LRI\",\"description\":\"\",\"publisher\":{\"@id\":\"https:\\\/\\\/lrifire.com\\\/fr\\\/#organization\"},\"potentialAction\":[{\"@type\":\"SearchAction\",\"target\":{\"@type\":\"EntryPoint\",\"urlTemplate\":\"https:\\\/\\\/lrifire.com\\\/fr\\\/?s={search_term_string}\"},\"query-input\":{\"@type\":\"PropertyValueSpecification\",\"valueRequired\":true,\"valueName\":\"search_term_string\"}}],\"inLanguage\":\"fr-FR\"},{\"@type\":\"Organization\",\"@id\":\"https:\\\/\\\/lrifire.com\\\/fr\\\/#organization\",\"name\":\"LRI\",\"url\":\"https:\\\/\\\/lrifire.com\\\/fr\\\/\",\"logo\":{\"@type\":\"ImageObject\",\"inLanguage\":\"fr-FR\",\"@id\":\"https:\\\/\\\/lrifire.com\\\/fr\\\/#\\\/schema\\\/logo\\\/image\\\/\",\"url\":\"https:\\\/\\\/lrifire.com\\\/wp-content\\\/uploads\\\/2026\\\/03\\\/lri-fire-logo-sm-fr.png\",\"contentUrl\":\"https:\\\/\\\/lrifire.com\\\/wp-content\\\/uploads\\\/2026\\\/03\\\/lri-fire-logo-sm-fr.png\",\"width\":249,\"height\":103,\"caption\":\"LRI\"},\"image\":{\"@id\":\"https:\\\/\\\/lrifire.com\\\/fr\\\/#\\\/schema\\\/logo\\\/image\\\/\"}}]}<\/script>\n<!-- \/ Yoast SEO Premium plugin. -->","yoast_head_json":{"title":"Infolettre | LRI","robots":{"index":"index","follow":"follow","max-snippet":"max-snippet:-1","max-image-preview":"max-image-preview:large","max-video-preview":"max-video-preview:-1"},"canonical":"https:\/\/lrifire.com\/fr\/infolettre\/","og_locale":"fr_FR","og_type":"article","og_title":"Infolettre","og_description":"Restez \u00e0 la pointe de l&rsquo;actualit\u00e9 dans le secteur des b\u00e2timents au Canada Au programme : Les tendances de l\u2019industrie Des articles techniques mettant en lumi\u00e8re les probl\u00e8mes de conformit\u00e9 des b\u00e2timents Des avis d\u2019experts Newsletter &#8211; Full &#8211; FR Pr\u00e9nom Nom Courriel Province * Langue * Langue*AnglaisFran\u00e7ais Entreprise Titre * CAPTCHA S&#039;inscrire If you [&hellip;]","og_url":"https:\/\/lrifire.com\/fr\/infolettre\/","og_site_name":"LRI","article_modified_time":"2025-03-04T16:33:23+00:00","og_image":[{"width":1200,"height":628,"url":"https:\/\/lrifire.com\/wp-content\/uploads\/2024\/06\/867_LRI_img-vedette.jpg","type":"image\/jpeg"}],"twitter_card":"summary_large_image","schema":{"@context":"https:\/\/schema.org","@graph":[{"@type":"WebPage","@id":"https:\/\/lrifire.com\/fr\/infolettre\/","url":"https:\/\/lrifire.com\/fr\/infolettre\/","name":"Infolettre | LRI","isPartOf":{"@id":"https:\/\/lrifire.com\/fr\/#website"},"primaryImageOfPage":{"@id":"https:\/\/lrifire.com\/fr\/infolettre\/#primaryimage"},"image":{"@id":"https:\/\/lrifire.com\/fr\/infolettre\/#primaryimage"},"thumbnailUrl":"https:\/\/lrifire.com\/wp-content\/uploads\/2024\/06\/867_LRI_img-vedette.jpg","datePublished":"2025-02-12T16:01:50+00:00","dateModified":"2025-03-04T16:33:23+00:00","breadcrumb":{"@id":"https:\/\/lrifire.com\/fr\/infolettre\/#breadcrumb"},"inLanguage":"fr-FR","potentialAction":[{"@type":"ReadAction","target":["https:\/\/lrifire.com\/fr\/infolettre\/"]}]},{"@type":"ImageObject","inLanguage":"fr-FR","@id":"https:\/\/lrifire.com\/fr\/infolettre\/#primaryimage","url":"https:\/\/lrifire.com\/wp-content\/uploads\/2024\/06\/867_LRI_img-vedette.jpg","contentUrl":"https:\/\/lrifire.com\/wp-content\/uploads\/2024\/06\/867_LRI_img-vedette.jpg","width":1200,"height":628},{"@type":"BreadcrumbList","@id":"https:\/\/lrifire.com\/fr\/infolettre\/#breadcrumb","itemListElement":[{"@type":"ListItem","position":1,"name":"Home","item":"https:\/\/lrifire.com\/fr\/"},{"@type":"ListItem","position":2,"name":"Infolettre"}]},{"@type":"WebSite","@id":"https:\/\/lrifire.com\/fr\/#website","url":"https:\/\/lrifire.com\/fr\/","name":"LRI","description":"","publisher":{"@id":"https:\/\/lrifire.com\/fr\/#organization"},"potentialAction":[{"@type":"SearchAction","target":{"@type":"EntryPoint","urlTemplate":"https:\/\/lrifire.com\/fr\/?s={search_term_string}"},"query-input":{"@type":"PropertyValueSpecification","valueRequired":true,"valueName":"search_term_string"}}],"inLanguage":"fr-FR"},{"@type":"Organization","@id":"https:\/\/lrifire.com\/fr\/#organization","name":"LRI","url":"https:\/\/lrifire.com\/fr\/","logo":{"@type":"ImageObject","inLanguage":"fr-FR","@id":"https:\/\/lrifire.com\/fr\/#\/schema\/logo\/image\/","url":"https:\/\/lrifire.com\/wp-content\/uploads\/2026\/03\/lri-fire-logo-sm-fr.png","contentUrl":"https:\/\/lrifire.com\/wp-content\/uploads\/2026\/03\/lri-fire-logo-sm-fr.png","width":249,"height":103,"caption":"LRI"},"image":{"@id":"https:\/\/lrifire.com\/fr\/#\/schema\/logo\/image\/"}}]}},"_links":{"self":[{"href":"https:\/\/lrifire.com\/fr\/wp-json\/wp\/v2\/pages\/8402","targetHints":{"allow":["GET"]}}],"collection":[{"href":"https:\/\/lrifire.com\/fr\/wp-json\/wp\/v2\/pages"}],"about":[{"href":"https:\/\/lrifire.com\/fr\/wp-json\/wp\/v2\/types\/page"}],"author":[{"embeddable":true,"href":"https:\/\/lrifire.com\/fr\/wp-json\/wp\/v2\/users\/2"}],"replies":[{"embeddable":true,"href":"https:\/\/lrifire.com\/fr\/wp-json\/wp\/v2\/comments?post=8402"}],"version-history":[{"count":0,"href":"https:\/\/lrifire.com\/fr\/wp-json\/wp\/v2\/pages\/8402\/revisions"}],"wp:featuredmedia":[{"embeddable":true,"href":"https:\/\/lrifire.com\/fr\/wp-json\/wp\/v2\/media\/7940"}],"wp:attachment":[{"href":"https:\/\/lrifire.com\/fr\/wp-json\/wp\/v2\/media?parent=8402"}],"curies":[{"name":"wp","href":"https:\/\/api.w.org\/{rel}","templated":true}]}}