{"id":7954,"date":"2020-02-11T14:57:42","date_gmt":"2020-02-11T19:57:42","guid":{"rendered":"https:\/\/lridev1.wpenginepowered.com\/privacy-policy\/"},"modified":"2024-06-23T22:12:27","modified_gmt":"2024-06-24T02:12:27","slug":"politique-confidentialite","status":"publish","type":"page","link":"https:\/\/lrifire.com\/fr\/politique-confidentialite\/","title":{"rendered":"Politique de confidentialit\u00e9"},"content":{"rendered":"\t\t<div data-elementor-type=\"wp-page\" data-elementor-id=\"7954\" class=\"elementor elementor-7954 elementor-3\" data-elementor-post-type=\"page\">\n\t\t\t\t\t\t<section class=\"elementor-section elementor-top-section elementor-element elementor-element-f21dc04 elementor-section-boxed elementor-section-height-default elementor-section-height-default\" data-id=\"f21dc04\" data-element_type=\"section\" data-e-type=\"section\">\n\t\t\t\t\t\t<div class=\"elementor-container elementor-column-gap-default\">\n\t\t\t\t\t<div class=\"elementor-column elementor-col-100 elementor-top-column elementor-element elementor-element-af68ed9\" data-id=\"af68ed9\" data-element_type=\"column\" data-e-type=\"column\">\n\t\t\t<div class=\"elementor-widget-wrap elementor-element-populated\">\n\t\t\t\t\t\t<div class=\"elementor-element elementor-element-36bf690 elementor-widget elementor-widget-heading\" data-id=\"36bf690\" data-element_type=\"widget\" data-e-type=\"widget\" data-widget_type=\"heading.default\">\n\t\t\t\t<div class=\"elementor-widget-container\">\n\t\t\t\t\t<h2 class=\"elementor-heading-title elementor-size-default\">D\u00e9claration de confidentialit\u00e9 du site web<\/h2>\t\t\t\t<\/div>\n\t\t\t\t<\/div>\n\t\t\t\t<div class=\"elementor-element elementor-element-e4f71e2 elementor-widget elementor-widget-text-editor\" data-id=\"e4f71e2\" data-element_type=\"widget\" data-e-type=\"widget\" data-widget_type=\"text-editor.default\">\n\t\t\t\t<div class=\"elementor-widget-container\">\n\t\t\t\t\t\t\t\t\t<p>LRI Engineering Inc. (\u00ab\u00a0LRI\u00a0\u00bb ou \u00ab\u00a0nous\u00a0\u00bb) a adopt\u00e9 et souscrit aux principes de confidentialit\u00e9 d\u00e9velopp\u00e9s par l&rsquo;Association canadienne de normalisation. Notre engagement en mati\u00e8re de confidentialit\u00e9 consiste \u00e0 respecter les principes fondamentaux suivants : (i) vous indiquer clairement notre m\u00e9thode de cueillette et notre utilisation de vos donn\u00e9es personnelles ; (ii) vous permettre de choisir les informations personnelles que nous pouvons utiliser \u00e0 diff\u00e9rentes fins ; et (iii) vous donner acc\u00e8s \u00e0 vos informations personnelles afin de vous permettre de les examiner ou de les corriger. Veuillez consulter la d\u00e9claration de confidentialit\u00e9 de notre site Web dans son int\u00e9gralit\u00e9 pour comprendre comment vos informations personnelles seront trait\u00e9es lorsque vous utiliserez pleinement ce site Web.<br \/><br \/>Les informations non personnelles sont des informations qui ne peuvent pas vous identifier personnellement, telles que : (i) les informations relatives au navigateur (y compris la version du navigateur que vous utilisez, l&rsquo;URL de la derni\u00e8re page web visit\u00e9e et l&rsquo;adresse IP de l&rsquo;ordinateur que vous utilisez) ; et (ii) les donn\u00e9es de parcours qui enregistrent les choix que vous avez faits.<\/p><p>Nous utilisons aussi des t\u00e9moins (cookies) qui vous identifient \u00e0 titre de visiteur r\u00e9current et qui nous aident \u00e0 personnaliser l\u2019information pour tenir compte de vos pr\u00e9f\u00e9rences. Un t\u00e9moin est un petit fichier de donn\u00e9es que le serveur d\u2019une page Web transf\u00e8re \u00e0 votre navigateur, qui sauvegarde alors le t\u00e9moin dans votre lecteur de disque dur. Le but est de vous permettre de gagner du temps \u00e0 votre prochaine visite, de vous offrir une visite plus significative et d\u2019\u00e9valuer les activit\u00e9s du site Web. Les t\u00e9moins ne peuvent pas \u00eatre utilis\u00e9s pour r\u00e9v\u00e9ler votre identit\u00e9. Toutefois, beaucoup de navigateurs permettent de d\u00e9sactiver les t\u00e9moins si vous le souhaitez ou vous avisent lorsqu\u2019un serveur envoie un t\u00e9moin \u00e0 votre lecteur de disque dur.<\/p><p>Nous pouvons utiliser des informations non personnelles pour calculer des statistiques d&rsquo;utilisation globale et mieux comprendre nos visiteurs, mais pas pour suivre un utilisateur individuel.<\/p>\t\t\t\t\t\t\t\t<\/div>\n\t\t\t\t<\/div>\n\t\t\t\t<div class=\"elementor-element elementor-element-313352a elementor-widget elementor-widget-heading\" data-id=\"313352a\" data-element_type=\"widget\" data-e-type=\"widget\" data-widget_type=\"heading.default\">\n\t\t\t\t<div class=\"elementor-widget-container\">\n\t\t\t\t\t<h3 class=\"elementor-heading-title elementor-size-default\">Informations personnelles<\/h3>\t\t\t\t<\/div>\n\t\t\t\t<\/div>\n\t\t\t\t<div class=\"elementor-element elementor-element-715fd31 elementor-widget elementor-widget-text-editor\" data-id=\"715fd31\" data-element_type=\"widget\" data-e-type=\"widget\" data-widget_type=\"text-editor.default\">\n\t\t\t\t<div class=\"elementor-widget-container\">\n\t\t\t\t\t\t\t\t\t<p>Les informations personnelles font r\u00e9f\u00e9rence aux informations concernant sp\u00e9cifiquement un utilisateur particulier, telles que : (i) le nom ; (ii) l&rsquo;\u00e2ge ; (iii) l&rsquo;adresse ; (iv) l&rsquo;adresse \u00e9lectronique ; et (v) le num\u00e9ro de t\u00e9l\u00e9phone.<br \/><br \/>Les informations personnelles ne seront collect\u00e9es que par des moyens justes et l\u00e9gaux. Les seules informations personnelles que nous collecterons et conserverons sont celles que vous nous fournirez volontairement lorsque vous : (i) vous r\u00e9pondez \u00e0 des enqu\u00eates ou \u00e0 des questionnaires ; ou (ii) vous nous contactez pour nous poser des questions ou nous faire part de vos commentaires sur ce site Web.<\/p><p>Nous pouvons utiliser vos informations personnelles pour : (i) fournir les informations ou les services que vous avez demand\u00e9s ; (ii) vous envoyer des informations sur des produits, des informations ou des services susceptibles de vous int\u00e9resser (les communications par courrier \u00e9lectronique vous proposeront toujours une option de \u00a0\u00bb d\u00e9sinscription \u00ab\u00a0) ; et (iii) g\u00e9n\u00e9rer des statistiques et des rapports globaux pour notre usage interne, comme le d\u00e9veloppement de nos services.<\/p>\t\t\t\t\t\t\t\t<\/div>\n\t\t\t\t<\/div>\n\t\t\t\t<div class=\"elementor-element elementor-element-9b0e0df elementor-widget elementor-widget-heading\" data-id=\"9b0e0df\" data-element_type=\"widget\" data-e-type=\"widget\" data-widget_type=\"heading.default\">\n\t\t\t\t<div class=\"elementor-widget-container\">\n\t\t\t\t\t<h3 class=\"elementor-heading-title elementor-size-default\">Non-divulgation d'informations personnelles \u00e0 des tiers<\/h3>\t\t\t\t<\/div>\n\t\t\t\t<\/div>\n\t\t\t\t<div class=\"elementor-element elementor-element-585bb73 elementor-widget elementor-widget-text-editor\" data-id=\"585bb73\" data-element_type=\"widget\" data-e-type=\"widget\" data-widget_type=\"text-editor.default\">\n\t\t\t\t<div class=\"elementor-widget-container\">\n\t\t\t\t\t\t\t\t\tLRI ne divulguera pas intentionnellement \u00e0 des tiers sans votre autorisation les informations personnelles que vous pourriez fournir en visitant ce site Web, sous r\u00e9serve des exceptions suivantes : (i) nous pouvons divulguer vos informations personnelles \u00e0 des tiers comme l&rsquo;exigent ou l&rsquo;autorisent les lois, r\u00e8gles ou r\u00e9glementations applicables ; (ii) nous pouvons divulguer vos coordonn\u00e9es en r\u00e9ponse \u00e0 des demandes de propri\u00e9taires de droits de bonne foi en rapport avec des all\u00e9gations de violation de droits d&rsquo;auteur ou d&rsquo;autres droits de propri\u00e9t\u00e9 d\u00e9coulant d&rsquo;informations que vous avez soumises sur ce site Web ou fournies \u00e0 LRI ; et (iii) si LRI fusionne avec un tiers ou lui vend la totalit\u00e9 ou la quasi-totalit\u00e9 de ses actifs, les informations recueillies \u00e0 votre sujet sur ce site Web peuvent \u00eatre divulgu\u00e9es \u00e0 ce tiers.\t\t\t\t\t\t\t\t<\/div>\n\t\t\t\t<\/div>\n\t\t\t\t<div class=\"elementor-element elementor-element-a989532 elementor-widget elementor-widget-heading\" data-id=\"a989532\" data-element_type=\"widget\" data-e-type=\"widget\" data-widget_type=\"heading.default\">\n\t\t\t\t<div class=\"elementor-widget-container\">\n\t\t\t\t\t<h3 class=\"elementor-heading-title elementor-size-default\">S\u00e9curit\u00e9<\/h3>\t\t\t\t<\/div>\n\t\t\t\t<\/div>\n\t\t\t\t<div class=\"elementor-element elementor-element-8485144 elementor-widget elementor-widget-text-editor\" data-id=\"8485144\" data-element_type=\"widget\" data-e-type=\"widget\" data-widget_type=\"text-editor.default\">\n\t\t\t\t<div class=\"elementor-widget-container\">\n\t\t\t\t\t\t\t\t\t<p>LRI a mis en place des normes de s\u00e9curit\u00e9 technologique et op\u00e9rationnelle g\u00e9n\u00e9ralement reconnues afin de prot\u00e9ger les informations des clients contre la perte, l&rsquo;utilisation abusive, l&rsquo;alt\u00e9ration ou la destruction. Seuls les employ\u00e9s et les sous-traitants ind\u00e9pendants autoris\u00e9s de LRI ont acc\u00e8s aux informations personnelles des clients, et ces employ\u00e9s sont tenus de traiter ces informations de mani\u00e8re confidentielle. En d\u00e9pit de ces pr\u00e9cautions, nous ne pouvons pas garantir que des personnes non autoris\u00e9es n&rsquo;obtiendront pas l&rsquo;acc\u00e8s \u00e0 vos informations personnelles. Mineurs<br \/><br \/>Ce site Web n&rsquo;est pas intentionnellement con\u00e7u pour ou destin\u00e9 \u00e0 des personnes \u00e2g\u00e9es de 18 ans ou moins, et LRI ne recueillera ni ne conservera intentionnellement des informations sur toute personne \u00e2g\u00e9e de moins de 18 ans.<\/p>\t\t\t\t\t\t\t\t<\/div>\n\t\t\t\t<\/div>\n\t\t\t\t<div class=\"elementor-element elementor-element-2069ef7 elementor-widget elementor-widget-heading\" data-id=\"2069ef7\" data-element_type=\"widget\" data-e-type=\"widget\" data-widget_type=\"heading.default\">\n\t\t\t\t<div class=\"elementor-widget-container\">\n\t\t\t\t\t<h3 class=\"elementor-heading-title elementor-size-default\">Nous contacter<\/h3>\t\t\t\t<\/div>\n\t\t\t\t<\/div>\n\t\t\t\t<div class=\"elementor-element elementor-element-bf1d3b7 elementor-widget elementor-widget-text-editor\" data-id=\"bf1d3b7\" data-element_type=\"widget\" data-e-type=\"widget\" data-widget_type=\"text-editor.default\">\n\t\t\t\t<div class=\"elementor-widget-container\">\n\t\t\t\t\t\t\t\t\t<p>Vous pouvez contacter LRI : (i) afin d&rsquo;examiner et de corriger vos informations personnelles recueillies par LRI ; et (ii) concernant les questions de confidentialit\u00e9 en g\u00e9n\u00e9ral, de l&rsquo;une des mani\u00e8res suivantes :<br \/><br \/>Courriel : <a href=\"mailto:info@lrifire.com\">info@lrifire.com<\/a><\/p><p>Mail: LRI Engineering Inc.<br \/>170 University Avenue, 3rd Floor, Box 1<br \/>Toronto, Canada M5H 3B3<\/p>\t\t\t\t\t\t\t\t<\/div>\n\t\t\t\t<\/div>\n\t\t\t\t<div class=\"elementor-element elementor-element-8a63cd4 elementor-widget elementor-widget-heading\" data-id=\"8a63cd4\" data-element_type=\"widget\" data-e-type=\"widget\" data-widget_type=\"heading.default\">\n\t\t\t\t<div class=\"elementor-widget-container\">\n\t\t\t\t\t<h3 class=\"elementor-heading-title elementor-size-default\">Consentement<\/h3>\t\t\t\t<\/div>\n\t\t\t\t<\/div>\n\t\t\t\t<div class=\"elementor-element elementor-element-50d7a7a elementor-widget elementor-widget-text-editor\" data-id=\"50d7a7a\" data-element_type=\"widget\" data-e-type=\"widget\" data-widget_type=\"text-editor.default\">\n\t\t\t\t<div class=\"elementor-widget-container\">\n\t\t\t\t\t\t\t\t\tEn utilisant ce site Web, vous consentez \u00e0 la collecte, \u00e0 l&rsquo;utilisation et au stockage de vos informations par LRI selon les modalit\u00e9s d\u00e9crites dans la pr\u00e9sente d\u00e9claration de confidentialit\u00e9 du site Web. LRI se r\u00e9serve le droit d&rsquo;apporter des modifications \u00e0 cette d\u00e9claration de confidentialit\u00e9 du site Web de temps \u00e0 autre. Lorsque vous utilisez ce site Web, vous devez consulter les conditions d&rsquo;utilisation et la d\u00e9claration de confidentialit\u00e9 du site Web en vigueur afin de d\u00e9terminer si elles ont \u00e9t\u00e9 modifi\u00e9es depuis votre derni\u00e8re visite.\t\t\t\t\t\t\t\t<\/div>\n\t\t\t\t<\/div>\n\t\t\t\t<div class=\"elementor-element elementor-element-4dda5fc elementor-widget elementor-widget-heading\" data-id=\"4dda5fc\" data-element_type=\"widget\" data-e-type=\"widget\" data-widget_type=\"heading.default\">\n\t\t\t\t<div class=\"elementor-widget-container\">\n\t\t\t\t\t<h3 class=\"elementor-heading-title elementor-size-default\">Conditions d'utilisation<\/h3>\t\t\t\t<\/div>\n\t\t\t\t<\/div>\n\t\t\t\t<div class=\"elementor-element elementor-element-b82ee98 elementor-widget elementor-widget-text-editor\" data-id=\"b82ee98\" data-element_type=\"widget\" data-e-type=\"widget\" data-widget_type=\"text-editor.default\">\n\t\t\t\t<div class=\"elementor-widget-container\">\n\t\t\t\t\t\t\t\t\tVeuillez consulter nos conditions d&rsquo;utilisation pour obtenir des informations suppl\u00e9mentaires sur nos politiques en ligne en g\u00e9n\u00e9ral.\t\t\t\t\t\t\t\t<\/div>\n\t\t\t\t<\/div>\n\t\t\t\t\t<\/div>\n\t\t<\/div>\n\t\t\t\t\t<\/div>\n\t\t<\/section>\n\t\t\t\t<\/div>\n\t\t","protected":false},"excerpt":{"rendered":"<p>D\u00e9claration de confidentialit\u00e9 du site web LRI Engineering Inc. (\u00ab\u00a0LRI\u00a0\u00bb ou \u00ab\u00a0nous\u00a0\u00bb) a adopt\u00e9 et souscrit aux principes de confidentialit\u00e9 d\u00e9velopp\u00e9s par l&rsquo;Association canadienne de normalisation. Notre engagement en mati\u00e8re de confidentialit\u00e9 consiste \u00e0 respecter les principes fondamentaux suivants : (i) vous indiquer clairement notre m\u00e9thode de cueillette et notre utilisation de vos donn\u00e9es personnelles [&hellip;]<\/p>\n","protected":false},"author":2,"featured_media":0,"parent":0,"menu_order":0,"comment_status":"closed","ping_status":"closed","template":"","meta":{"_acf_changed":false,"site-sidebar-layout":"no-sidebar","site-content-layout":"page-builder","ast-site-content-layout":"full-width-container","site-content-style":"default","site-sidebar-style":"default","ast-global-header-display":"","ast-banner-title-visibility":"","ast-main-header-display":"","ast-hfb-above-header-display":"","ast-hfb-below-header-display":"","ast-hfb-mobile-header-display":"","site-post-title":"disabled","ast-breadcrumbs-content":"","ast-featured-img":"disabled","footer-sml-layout":"","ast-disable-related-posts":"","theme-transparent-header-meta":"default","adv-header-id-meta":"","stick-header-meta":"default","header-above-stick-meta":"","header-main-stick-meta":"","header-below-stick-meta":"","astra-migrate-meta-layouts":"set","ast-page-background-enabled":"default","ast-page-background-meta":{"desktop":{"background-color":"","background-image":"","background-repeat":"repeat","background-position":"center center","background-size":"auto","background-attachment":"scroll","background-type":"","background-media":"","overlay-type":"","overlay-color":"","overlay-opacity":"","overlay-gradient":""},"tablet":{"background-color":"","background-image":"","background-repeat":"repeat","background-position":"center center","background-size":"auto","background-attachment":"scroll","background-type":"","background-media":"","overlay-type":"","overlay-color":"","overlay-opacity":"","overlay-gradient":""},"mobile":{"background-color":"","background-image":"","background-repeat":"repeat","background-position":"center center","background-size":"auto","background-attachment":"scroll","background-type":"","background-media":"","overlay-type":"","overlay-color":"","overlay-opacity":"","overlay-gradient":""}},"ast-content-background-meta":{"desktop":{"background-color":"var(--ast-global-color-5)","background-image":"","background-repeat":"repeat","background-position":"center center","background-size":"auto","background-attachment":"scroll","background-type":"","background-media":"","overlay-type":"","overlay-color":"","overlay-opacity":"","overlay-gradient":""},"tablet":{"background-color":"var(--ast-global-color-5)","background-image":"","background-repeat":"repeat","background-position":"center center","background-size":"auto","background-attachment":"scroll","background-type":"","background-media":"","overlay-type":"","overlay-color":"","overlay-opacity":"","overlay-gradient":""},"mobile":{"background-color":"var(--ast-global-color-5)","background-image":"","background-repeat":"repeat","background-position":"center center","background-size":"auto","background-attachment":"scroll","background-type":"","background-media":"","overlay-type":"","overlay-color":"","overlay-opacity":"","overlay-gradient":""}},"footnotes":""},"class_list":["post-7954","page","type-page","status-publish","hentry"],"acf":[],"yoast_head":"<!-- This site is optimized with the Yoast SEO Premium plugin v27.4 (Yoast SEO v27.4) - https:\/\/yoast.com\/product\/yoast-seo-premium-wordpress\/ -->\n<title>Politique de confidentialit\u00e9 | LRI<\/title>\n<meta name=\"robots\" content=\"index, follow, max-snippet:-1, max-image-preview:large, max-video-preview:-1\" \/>\n<link rel=\"canonical\" href=\"https:\/\/lrifire.com\/fr\/politique-confidentialite\/\" \/>\n<meta property=\"og:locale\" content=\"fr_FR\" \/>\n<meta property=\"og:type\" content=\"article\" \/>\n<meta property=\"og:title\" content=\"Politique de confidentialit\u00e9\" \/>\n<meta property=\"og:description\" content=\"D\u00e9claration de confidentialit\u00e9 du site web LRI Engineering Inc. (\u00ab\u00a0LRI\u00a0\u00bb ou \u00ab\u00a0nous\u00a0\u00bb) a adopt\u00e9 et souscrit aux principes de confidentialit\u00e9 d\u00e9velopp\u00e9s par l&rsquo;Association canadienne de normalisation. Notre engagement en mati\u00e8re de confidentialit\u00e9 consiste \u00e0 respecter les principes fondamentaux suivants : (i) vous indiquer clairement notre m\u00e9thode de cueillette et notre utilisation de vos donn\u00e9es personnelles [&hellip;]\" \/>\n<meta property=\"og:url\" content=\"https:\/\/lrifire.com\/fr\/politique-confidentialite\/\" \/>\n<meta property=\"og:site_name\" content=\"LRI\" \/>\n<meta property=\"article:modified_time\" content=\"2024-06-24T02:12:27+00:00\" \/>\n<meta property=\"og:image\" content=\"https:\/\/lrifire.com\/wp-content\/uploads\/2024\/06\/867_LRI_img-vedette.jpg\" \/>\n\t<meta property=\"og:image:width\" content=\"1200\" \/>\n\t<meta property=\"og:image:height\" content=\"628\" \/>\n\t<meta property=\"og:image:type\" content=\"image\/jpeg\" \/>\n<meta name=\"twitter:card\" content=\"summary_large_image\" \/>\n<script type=\"application\/ld+json\" class=\"yoast-schema-graph\">{\"@context\":\"https:\\\/\\\/schema.org\",\"@graph\":[{\"@type\":\"WebPage\",\"@id\":\"https:\\\/\\\/lrifire.com\\\/fr\\\/politique-confidentialite\\\/\",\"url\":\"https:\\\/\\\/lrifire.com\\\/fr\\\/politique-confidentialite\\\/\",\"name\":\"Politique de confidentialit\u00e9 | LRI\",\"isPartOf\":{\"@id\":\"https:\\\/\\\/lrifire.com\\\/fr\\\/#website\"},\"datePublished\":\"2020-02-11T19:57:42+00:00\",\"dateModified\":\"2024-06-24T02:12:27+00:00\",\"breadcrumb\":{\"@id\":\"https:\\\/\\\/lrifire.com\\\/fr\\\/politique-confidentialite\\\/#breadcrumb\"},\"inLanguage\":\"fr-FR\",\"potentialAction\":[{\"@type\":\"ReadAction\",\"target\":[\"https:\\\/\\\/lrifire.com\\\/fr\\\/politique-confidentialite\\\/\"]}]},{\"@type\":\"BreadcrumbList\",\"@id\":\"https:\\\/\\\/lrifire.com\\\/fr\\\/politique-confidentialite\\\/#breadcrumb\",\"itemListElement\":[{\"@type\":\"ListItem\",\"position\":1,\"name\":\"Home\",\"item\":\"https:\\\/\\\/lrifire.com\\\/fr\\\/\"},{\"@type\":\"ListItem\",\"position\":2,\"name\":\"Politique de confidentialit\u00e9\"}]},{\"@type\":\"WebSite\",\"@id\":\"https:\\\/\\\/lrifire.com\\\/fr\\\/#website\",\"url\":\"https:\\\/\\\/lrifire.com\\\/fr\\\/\",\"name\":\"LRI\",\"description\":\"\",\"publisher\":{\"@id\":\"https:\\\/\\\/lrifire.com\\\/fr\\\/#organization\"},\"potentialAction\":[{\"@type\":\"SearchAction\",\"target\":{\"@type\":\"EntryPoint\",\"urlTemplate\":\"https:\\\/\\\/lrifire.com\\\/fr\\\/?s={search_term_string}\"},\"query-input\":{\"@type\":\"PropertyValueSpecification\",\"valueRequired\":true,\"valueName\":\"search_term_string\"}}],\"inLanguage\":\"fr-FR\"},{\"@type\":\"Organization\",\"@id\":\"https:\\\/\\\/lrifire.com\\\/fr\\\/#organization\",\"name\":\"LRI\",\"url\":\"https:\\\/\\\/lrifire.com\\\/fr\\\/\",\"logo\":{\"@type\":\"ImageObject\",\"inLanguage\":\"fr-FR\",\"@id\":\"https:\\\/\\\/lrifire.com\\\/fr\\\/#\\\/schema\\\/logo\\\/image\\\/\",\"url\":\"https:\\\/\\\/lrifire.com\\\/wp-content\\\/uploads\\\/2026\\\/03\\\/lri-fire-logo-sm-fr.png\",\"contentUrl\":\"https:\\\/\\\/lrifire.com\\\/wp-content\\\/uploads\\\/2026\\\/03\\\/lri-fire-logo-sm-fr.png\",\"width\":249,\"height\":103,\"caption\":\"LRI\"},\"image\":{\"@id\":\"https:\\\/\\\/lrifire.com\\\/fr\\\/#\\\/schema\\\/logo\\\/image\\\/\"}}]}<\/script>\n<!-- \/ Yoast SEO Premium plugin. -->","yoast_head_json":{"title":"Politique de confidentialit\u00e9 | LRI","robots":{"index":"index","follow":"follow","max-snippet":"max-snippet:-1","max-image-preview":"max-image-preview:large","max-video-preview":"max-video-preview:-1"},"canonical":"https:\/\/lrifire.com\/fr\/politique-confidentialite\/","og_locale":"fr_FR","og_type":"article","og_title":"Politique de confidentialit\u00e9","og_description":"D\u00e9claration de confidentialit\u00e9 du site web LRI Engineering Inc. (\u00ab\u00a0LRI\u00a0\u00bb ou \u00ab\u00a0nous\u00a0\u00bb) a adopt\u00e9 et souscrit aux principes de confidentialit\u00e9 d\u00e9velopp\u00e9s par l&rsquo;Association canadienne de normalisation. Notre engagement en mati\u00e8re de confidentialit\u00e9 consiste \u00e0 respecter les principes fondamentaux suivants : (i) vous indiquer clairement notre m\u00e9thode de cueillette et notre utilisation de vos donn\u00e9es personnelles [&hellip;]","og_url":"https:\/\/lrifire.com\/fr\/politique-confidentialite\/","og_site_name":"LRI","article_modified_time":"2024-06-24T02:12:27+00:00","og_image":[{"width":1200,"height":628,"url":"https:\/\/lrifire.com\/wp-content\/uploads\/2024\/06\/867_LRI_img-vedette.jpg","type":"image\/jpeg"}],"twitter_card":"summary_large_image","schema":{"@context":"https:\/\/schema.org","@graph":[{"@type":"WebPage","@id":"https:\/\/lrifire.com\/fr\/politique-confidentialite\/","url":"https:\/\/lrifire.com\/fr\/politique-confidentialite\/","name":"Politique de confidentialit\u00e9 | LRI","isPartOf":{"@id":"https:\/\/lrifire.com\/fr\/#website"},"datePublished":"2020-02-11T19:57:42+00:00","dateModified":"2024-06-24T02:12:27+00:00","breadcrumb":{"@id":"https:\/\/lrifire.com\/fr\/politique-confidentialite\/#breadcrumb"},"inLanguage":"fr-FR","potentialAction":[{"@type":"ReadAction","target":["https:\/\/lrifire.com\/fr\/politique-confidentialite\/"]}]},{"@type":"BreadcrumbList","@id":"https:\/\/lrifire.com\/fr\/politique-confidentialite\/#breadcrumb","itemListElement":[{"@type":"ListItem","position":1,"name":"Home","item":"https:\/\/lrifire.com\/fr\/"},{"@type":"ListItem","position":2,"name":"Politique de confidentialit\u00e9"}]},{"@type":"WebSite","@id":"https:\/\/lrifire.com\/fr\/#website","url":"https:\/\/lrifire.com\/fr\/","name":"LRI","description":"","publisher":{"@id":"https:\/\/lrifire.com\/fr\/#organization"},"potentialAction":[{"@type":"SearchAction","target":{"@type":"EntryPoint","urlTemplate":"https:\/\/lrifire.com\/fr\/?s={search_term_string}"},"query-input":{"@type":"PropertyValueSpecification","valueRequired":true,"valueName":"search_term_string"}}],"inLanguage":"fr-FR"},{"@type":"Organization","@id":"https:\/\/lrifire.com\/fr\/#organization","name":"LRI","url":"https:\/\/lrifire.com\/fr\/","logo":{"@type":"ImageObject","inLanguage":"fr-FR","@id":"https:\/\/lrifire.com\/fr\/#\/schema\/logo\/image\/","url":"https:\/\/lrifire.com\/wp-content\/uploads\/2026\/03\/lri-fire-logo-sm-fr.png","contentUrl":"https:\/\/lrifire.com\/wp-content\/uploads\/2026\/03\/lri-fire-logo-sm-fr.png","width":249,"height":103,"caption":"LRI"},"image":{"@id":"https:\/\/lrifire.com\/fr\/#\/schema\/logo\/image\/"}}]}},"_links":{"self":[{"href":"https:\/\/lrifire.com\/fr\/wp-json\/wp\/v2\/pages\/7954","targetHints":{"allow":["GET"]}}],"collection":[{"href":"https:\/\/lrifire.com\/fr\/wp-json\/wp\/v2\/pages"}],"about":[{"href":"https:\/\/lrifire.com\/fr\/wp-json\/wp\/v2\/types\/page"}],"author":[{"embeddable":true,"href":"https:\/\/lrifire.com\/fr\/wp-json\/wp\/v2\/users\/2"}],"replies":[{"embeddable":true,"href":"https:\/\/lrifire.com\/fr\/wp-json\/wp\/v2\/comments?post=7954"}],"version-history":[{"count":0,"href":"https:\/\/lrifire.com\/fr\/wp-json\/wp\/v2\/pages\/7954\/revisions"}],"wp:attachment":[{"href":"https:\/\/lrifire.com\/fr\/wp-json\/wp\/v2\/media?parent=7954"}],"curies":[{"name":"wp","href":"https:\/\/api.w.org\/{rel}","templated":true}]}}